{"id":676,"date":"2019-09-09T18:11:30","date_gmt":"2019-09-09T16:11:30","guid":{"rendered":"https:\/\/bostonh.it\/livorno\/"},"modified":"2019-10-29T11:23:36","modified_gmt":"2019-10-29T10:23:36","slug":"livorno","status":"publish","type":"page","link":"https:\/\/www.bostonh.it\/fr\/livorno\/","title":{"rendered":"Livorno"},"content":{"rendered":"<p lang=\"fr-FR\">Livorno, l&rsquo;un des ports les plus importants d&rsquo;Italie, est le si\u00e8ge de l&rsquo;acad\u00e9mie navale. La ville conserve encore la magnifique structure que lui ont conf\u00e9r\u00e9e les M\u00e9dicis, entre les XVIe et XVIIe si\u00e8cles. Elle abrite un mur pentagonal cern\u00e9 de foss\u00e9s navigables, avec deux imposantes fortifications (Fortezza Vecchia et nuova), le Duomo et l\u2019arcade Via Grande.<\/p>\n<p lang=\"fr-FR\">Le quartier le plus \u00e9vocateur est certainement celui de la Nouvelle Venise, construit au XVIIe si\u00e8cle sur le mod\u00e8le de la ville lagune. Elle dispose d&rsquo;un r\u00e9seau de canaux ramifi\u00e9s et abrite, entre ses nombreux ponts et b\u00e2timents historiques, des clubs et restaurants typiques.<\/p>\n<p><img loading=\"lazy\" decoding=\"async\" class=\"alignnone size-full wp-image-852\" src=\"https:\/\/bostonh.it\/wp-content\/uploads\/2019\/09\/livorno_hotel_boston.jpg\" alt=\"\" width=\"1500\" height=\"1000\" srcset=\"https:\/\/www.bostonh.it\/wp-content\/uploads\/2019\/09\/livorno_hotel_boston.jpg 1500w, https:\/\/www.bostonh.it\/wp-content\/uploads\/2019\/09\/livorno_hotel_boston-768x512.jpg 768w, https:\/\/www.bostonh.it\/wp-content\/uploads\/2019\/09\/livorno_hotel_boston-96x64.jpg 96w\" sizes=\"auto, (max-width: 1500px) 100vw, 1500px\" \/><\/p>\n<p lang=\"fr-FR\">Nous recommandons une halte \u00e0 l&rsquo;\u00e9glise de Santa Caterina, au sanctuaire d\u00e9di\u00e9 \u00e0 Santa Maria delle Grazie, situ\u00e9 dans le hameau de Borgo di Montenero, ou aux deux grands r\u00e9servoirs de style n\u00e9oclassique de l&rsquo;architecte Poccianti, le Cisternone et le Cisternino, devenus aujourd&rsquo;hui des sites d&rsquo;\u00e9v\u00e9nements culturels.<\/p>\n<p>Nous nous souvenons \u00e9galement du <a href=\"https:\/\/www.museofattori.livorno.it\/\">Museo Civico Giovanni Fattori<\/a> qui expose, dans la Villa Mimbelli du XIXe si\u00e8cle, une collection, principalement compos\u00e9e de peintures, du milieu des ann\u00e9es 1800 aux ann\u00e9es 1940, avec d&rsquo;importants groupes d&rsquo;artistes de Livorno (Fattori, Corcos, Nomellini, etc.) et quelques \u0153uvres d&rsquo;artistes toscans et autres (Lega, Signorini, Boldini, etc.).<\/p>\n<p><img loading=\"lazy\" decoding=\"async\" class=\"alignnone size-full wp-image-857\" src=\"https:\/\/bostonh.it\/wp-content\/uploads\/2019\/09\/livorno_hotel_boston_2.jpg\" alt=\"\" width=\"1500\" height=\"998\" srcset=\"https:\/\/www.bostonh.it\/wp-content\/uploads\/2019\/09\/livorno_hotel_boston_2.jpg 1500w, https:\/\/www.bostonh.it\/wp-content\/uploads\/2019\/09\/livorno_hotel_boston_2-768x511.jpg 768w, https:\/\/www.bostonh.it\/wp-content\/uploads\/2019\/09\/livorno_hotel_boston_2-96x64.jpg 96w\" sizes=\"auto, (max-width: 1500px) 100vw, 1500px\" \/><\/p>\n","protected":false},"excerpt":{"rendered":"<p>Livorno, l&rsquo;un des ports les plus importants d&rsquo;Italie, est le si\u00e8ge de l&rsquo;acad\u00e9mie navale. La ville conserve encore la magnifique structure que lui ont conf\u00e9r\u00e9e les M\u00e9dicis, entre les XVIe et XVIIe si\u00e8cles. Elle abrite un mur pentagonal cern\u00e9 de foss\u00e9s navigables, avec deux imposantes fortifications (Fortezza Vecchia et nuova), le Duomo et l\u2019arcade Via [&hellip;]<\/p>\n","protected":false},"author":1,"featured_media":0,"parent":0,"menu_order":0,"comment_status":"closed","ping_status":"closed","template":"","meta":{"_acf_changed":false,"footnotes":""},"class_list":["post-676","page","type-page","status-publish","hentry"],"acf":[],"yoast_head":"<!-- This site is optimized with the Yoast SEO plugin v26.7 - https:\/\/yoast.com\/wordpress\/plugins\/seo\/ -->\n<title>Livorno - Hotel Boston<\/title>\n<meta name=\"robots\" content=\"index, follow, max-snippet:-1, max-image-preview:large, max-video-preview:-1\" \/>\n<link rel=\"canonical\" href=\"https:\/\/www.bostonh.it\/fr\/livorno\/\" \/>\n<meta property=\"og:locale\" content=\"fr_FR\" \/>\n<meta property=\"og:type\" content=\"article\" \/>\n<meta property=\"og:title\" content=\"Livorno - Hotel Boston\" \/>\n<meta property=\"og:description\" content=\"Livorno, l&rsquo;un des ports les plus importants d&rsquo;Italie, est le si\u00e8ge de l&rsquo;acad\u00e9mie navale. La ville conserve encore la magnifique structure que lui ont conf\u00e9r\u00e9e les M\u00e9dicis, entre les XVIe et XVIIe si\u00e8cles. Elle abrite un mur pentagonal cern\u00e9 de foss\u00e9s navigables, avec deux imposantes fortifications (Fortezza Vecchia et nuova), le Duomo et l\u2019arcade Via [&hellip;]\" \/>\n<meta property=\"og:url\" content=\"https:\/\/www.bostonh.it\/fr\/livorno\/\" \/>\n<meta property=\"og:site_name\" content=\"Hotel Boston\" \/>\n<meta property=\"article:modified_time\" content=\"2019-10-29T10:23:36+00:00\" \/>\n<meta property=\"og:image\" content=\"https:\/\/www.bostonh.it\/wp-content\/uploads\/2019\/09\/livorno_hotel_boston.jpg\" \/>\n\t<meta property=\"og:image:width\" content=\"1500\" \/>\n\t<meta property=\"og:image:height\" content=\"1000\" \/>\n\t<meta property=\"og:image:type\" content=\"image\/jpeg\" \/>\n<meta name=\"twitter:card\" content=\"summary_large_image\" \/>\n<meta name=\"twitter:label1\" content=\"Dur\u00e9e de lecture estim\u00e9e\" \/>\n\t<meta name=\"twitter:data1\" content=\"1 minute\" \/>\n<script type=\"application\/ld+json\" class=\"yoast-schema-graph\">{\"@context\":\"https:\/\/schema.org\",\"@graph\":[{\"@type\":\"WebPage\",\"@id\":\"https:\/\/www.bostonh.it\/fr\/livorno\/\",\"url\":\"https:\/\/www.bostonh.it\/fr\/livorno\/\",\"name\":\"Livorno - Hotel Boston\",\"isPartOf\":{\"@id\":\"https:\/\/www.bostonh.it\/#website\"},\"primaryImageOfPage\":{\"@id\":\"https:\/\/www.bostonh.it\/fr\/livorno\/#primaryimage\"},\"image\":{\"@id\":\"https:\/\/www.bostonh.it\/fr\/livorno\/#primaryimage\"},\"thumbnailUrl\":\"https:\/\/bostonh.it\/wp-content\/uploads\/2019\/09\/livorno_hotel_boston.jpg\",\"datePublished\":\"2019-09-09T16:11:30+00:00\",\"dateModified\":\"2019-10-29T10:23:36+00:00\",\"breadcrumb\":{\"@id\":\"https:\/\/www.bostonh.it\/fr\/livorno\/#breadcrumb\"},\"inLanguage\":\"fr-FR\",\"potentialAction\":[{\"@type\":\"ReadAction\",\"target\":[\"https:\/\/www.bostonh.it\/fr\/livorno\/\"]}]},{\"@type\":\"ImageObject\",\"inLanguage\":\"fr-FR\",\"@id\":\"https:\/\/www.bostonh.it\/fr\/livorno\/#primaryimage\",\"url\":\"https:\/\/bostonh.it\/wp-content\/uploads\/2019\/09\/livorno_hotel_boston.jpg\",\"contentUrl\":\"https:\/\/bostonh.it\/wp-content\/uploads\/2019\/09\/livorno_hotel_boston.jpg\"},{\"@type\":\"BreadcrumbList\",\"@id\":\"https:\/\/www.bostonh.it\/fr\/livorno\/#breadcrumb\",\"itemListElement\":[{\"@type\":\"ListItem\",\"position\":1,\"name\":\"Home\",\"item\":\"https:\/\/www.bostonh.it\/\"},{\"@type\":\"ListItem\",\"position\":2,\"name\":\"Livorno\"}]},{\"@type\":\"WebSite\",\"@id\":\"https:\/\/www.bostonh.it\/#website\",\"url\":\"https:\/\/www.bostonh.it\/\",\"name\":\"Hotel Boston\",\"description\":\"\",\"potentialAction\":[{\"@type\":\"SearchAction\",\"target\":{\"@type\":\"EntryPoint\",\"urlTemplate\":\"https:\/\/www.bostonh.it\/?s={search_term_string}\"},\"query-input\":{\"@type\":\"PropertyValueSpecification\",\"valueRequired\":true,\"valueName\":\"search_term_string\"}}],\"inLanguage\":\"fr-FR\"}]}<\/script>\n<!-- \/ Yoast SEO plugin. -->","yoast_head_json":{"title":"Livorno - Hotel Boston","robots":{"index":"index","follow":"follow","max-snippet":"max-snippet:-1","max-image-preview":"max-image-preview:large","max-video-preview":"max-video-preview:-1"},"canonical":"https:\/\/www.bostonh.it\/fr\/livorno\/","og_locale":"fr_FR","og_type":"article","og_title":"Livorno - Hotel Boston","og_description":"Livorno, l&rsquo;un des ports les plus importants d&rsquo;Italie, est le si\u00e8ge de l&rsquo;acad\u00e9mie navale. La ville conserve encore la magnifique structure que lui ont conf\u00e9r\u00e9e les M\u00e9dicis, entre les XVIe et XVIIe si\u00e8cles. Elle abrite un mur pentagonal cern\u00e9 de foss\u00e9s navigables, avec deux imposantes fortifications (Fortezza Vecchia et nuova), le Duomo et l\u2019arcade Via [&hellip;]","og_url":"https:\/\/www.bostonh.it\/fr\/livorno\/","og_site_name":"Hotel Boston","article_modified_time":"2019-10-29T10:23:36+00:00","og_image":[{"width":1500,"height":1000,"url":"https:\/\/www.bostonh.it\/wp-content\/uploads\/2019\/09\/livorno_hotel_boston.jpg","type":"image\/jpeg"}],"twitter_card":"summary_large_image","twitter_misc":{"Dur\u00e9e de lecture estim\u00e9e":"1 minute"},"schema":{"@context":"https:\/\/schema.org","@graph":[{"@type":"WebPage","@id":"https:\/\/www.bostonh.it\/fr\/livorno\/","url":"https:\/\/www.bostonh.it\/fr\/livorno\/","name":"Livorno - Hotel Boston","isPartOf":{"@id":"https:\/\/www.bostonh.it\/#website"},"primaryImageOfPage":{"@id":"https:\/\/www.bostonh.it\/fr\/livorno\/#primaryimage"},"image":{"@id":"https:\/\/www.bostonh.it\/fr\/livorno\/#primaryimage"},"thumbnailUrl":"https:\/\/bostonh.it\/wp-content\/uploads\/2019\/09\/livorno_hotel_boston.jpg","datePublished":"2019-09-09T16:11:30+00:00","dateModified":"2019-10-29T10:23:36+00:00","breadcrumb":{"@id":"https:\/\/www.bostonh.it\/fr\/livorno\/#breadcrumb"},"inLanguage":"fr-FR","potentialAction":[{"@type":"ReadAction","target":["https:\/\/www.bostonh.it\/fr\/livorno\/"]}]},{"@type":"ImageObject","inLanguage":"fr-FR","@id":"https:\/\/www.bostonh.it\/fr\/livorno\/#primaryimage","url":"https:\/\/bostonh.it\/wp-content\/uploads\/2019\/09\/livorno_hotel_boston.jpg","contentUrl":"https:\/\/bostonh.it\/wp-content\/uploads\/2019\/09\/livorno_hotel_boston.jpg"},{"@type":"BreadcrumbList","@id":"https:\/\/www.bostonh.it\/fr\/livorno\/#breadcrumb","itemListElement":[{"@type":"ListItem","position":1,"name":"Home","item":"https:\/\/www.bostonh.it\/"},{"@type":"ListItem","position":2,"name":"Livorno"}]},{"@type":"WebSite","@id":"https:\/\/www.bostonh.it\/#website","url":"https:\/\/www.bostonh.it\/","name":"Hotel Boston","description":"","potentialAction":[{"@type":"SearchAction","target":{"@type":"EntryPoint","urlTemplate":"https:\/\/www.bostonh.it\/?s={search_term_string}"},"query-input":{"@type":"PropertyValueSpecification","valueRequired":true,"valueName":"search_term_string"}}],"inLanguage":"fr-FR"}]}},"_links":{"self":[{"href":"https:\/\/www.bostonh.it\/fr\/wp-json\/wp\/v2\/pages\/676","targetHints":{"allow":["GET"]}}],"collection":[{"href":"https:\/\/www.bostonh.it\/fr\/wp-json\/wp\/v2\/pages"}],"about":[{"href":"https:\/\/www.bostonh.it\/fr\/wp-json\/wp\/v2\/types\/page"}],"author":[{"embeddable":true,"href":"https:\/\/www.bostonh.it\/fr\/wp-json\/wp\/v2\/users\/1"}],"replies":[{"embeddable":true,"href":"https:\/\/www.bostonh.it\/fr\/wp-json\/wp\/v2\/comments?post=676"}],"version-history":[{"count":7,"href":"https:\/\/www.bostonh.it\/fr\/wp-json\/wp\/v2\/pages\/676\/revisions"}],"predecessor-version":[{"id":1099,"href":"https:\/\/www.bostonh.it\/fr\/wp-json\/wp\/v2\/pages\/676\/revisions\/1099"}],"wp:attachment":[{"href":"https:\/\/www.bostonh.it\/fr\/wp-json\/wp\/v2\/media?parent=676"}],"curies":[{"name":"wp","href":"https:\/\/api.w.org\/{rel}","templated":true}]}}