{"id":673,"date":"2019-09-06T15:51:32","date_gmt":"2019-09-06T13:51:32","guid":{"rendered":"https:\/\/bostonh.it\/la-struttura\/"},"modified":"2019-10-29T11:12:57","modified_gmt":"2019-10-29T10:12:57","slug":"la-structure","status":"publish","type":"page","link":"https:\/\/www.bostonh.it\/fr\/la-structure\/","title":{"rendered":"La structure"},"content":{"rendered":"<p>Livorno est un lieu qui a beaucoup \u00e0 offrir en mati\u00e8re de culture, de travail ou de pur divertissement, gr\u00e2ce \u00e0 son esprit p\u00e9tillant et vivant. Dot\u00e9 de chambres confortables et situ\u00e9 \u00e0 deux pas du centre-ville, l&rsquo;Hotel Boston est l&rsquo;endroit id\u00e9al pour profiter de la ville.<\/p>\n<h3>Situation<\/h3>\n<p>Quelle que soit la raison pour laquelle vous cherchez un h\u00f4tel au centre de Livorno, l&#8217;emplacement strat\u00e9gique de l&rsquo;Hotel Boston offre de nombreux avantages. Il est situ\u00e9 tr\u00e8s pr\u00e8s de la mer sur une magnifique place bord\u00e9e d&rsquo;arbres. C&rsquo;est le lieu de s\u00e9jour id\u00e9al pour les besoins professionnels, gr\u00e2ce \u00e0 sa proximit\u00e9 avec le port et la zone de construction navale. Situ\u00e9 \u00e0 deux pas de la Terrazza Mascagni, des \u00e9tablissements de baignade historiques Pancaldi Acquaviva et de tout le littoral de Livorno.<\/p>\n<h3>Modernit\u00e9<\/h3>\n<p>L\u2019Hotel Boston dispose d&rsquo;une structure moderne, aux int\u00e9rieurs \u00e9l\u00e9gants, d\u00e9cor\u00e9s dans un style minimaliste. R\u00e9cemment r\u00e9nov\u00e9 selon les normes de s\u00e9curit\u00e9 actuelles, il dispose d&rsquo;un grand parking int\u00e9rieur et d&rsquo;un garage r\u00e9serv\u00e9 \u00e0 ses clients.<\/p>\n<h3>Personnel<\/h3>\n<p>Le personnel de l\u2019Hotel Boston, dynamique et brillant, re\u00e7oit ses clients dans une atmosph\u00e8re d\u2019\u00e9l\u00e9gance exclusive et de confort, pour un s\u00e9jour agr\u00e9able sp\u00e9cifiquement adapt\u00e9 \u00e0 tous les besoins.<\/p>\n<p>L&rsquo;Hotel Boston est id\u00e9al pour concilier la commodit\u00e9 de r\u00e9server une chambre lors d&rsquo;un voyage d\u2019affaires en Toscane, tout en s&rsquo;accordant quelques heures de loisirs au c\u0153ur de Livorno. Il suffit de choisir l&rsquo;occasion id\u00e9ale pour profiter au mieux de la ville de Livorno.<\/p>\n","protected":false},"excerpt":{"rendered":"<p>Livorno est un lieu qui a beaucoup \u00e0 offrir en mati\u00e8re de culture, de travail ou de pur divertissement, gr\u00e2ce \u00e0 son esprit p\u00e9tillant et vivant. Dot\u00e9 de chambres confortables et situ\u00e9 \u00e0 deux pas du centre-ville, l&rsquo;Hotel Boston est l&rsquo;endroit id\u00e9al pour profiter de la ville. Situation Quelle que soit la raison pour laquelle [&hellip;]<\/p>\n","protected":false},"author":1,"featured_media":0,"parent":0,"menu_order":0,"comment_status":"closed","ping_status":"closed","template":"","meta":{"_acf_changed":false,"footnotes":""},"class_list":["post-673","page","type-page","status-publish","hentry"],"acf":[],"yoast_head":"<!-- This site is optimized with the Yoast SEO plugin v26.7 - https:\/\/yoast.com\/wordpress\/plugins\/seo\/ -->\n<title>La structure - Hotel Boston<\/title>\n<meta name=\"robots\" content=\"index, follow, max-snippet:-1, max-image-preview:large, max-video-preview:-1\" \/>\n<link rel=\"canonical\" href=\"https:\/\/www.bostonh.it\/fr\/la-structure\/\" \/>\n<meta property=\"og:locale\" content=\"fr_FR\" \/>\n<meta property=\"og:type\" content=\"article\" \/>\n<meta property=\"og:title\" content=\"La structure - Hotel Boston\" \/>\n<meta property=\"og:description\" content=\"Livorno est un lieu qui a beaucoup \u00e0 offrir en mati\u00e8re de culture, de travail ou de pur divertissement, gr\u00e2ce \u00e0 son esprit p\u00e9tillant et vivant. Dot\u00e9 de chambres confortables et situ\u00e9 \u00e0 deux pas du centre-ville, l&rsquo;Hotel Boston est l&rsquo;endroit id\u00e9al pour profiter de la ville. Situation Quelle que soit la raison pour laquelle [&hellip;]\" \/>\n<meta property=\"og:url\" content=\"https:\/\/www.bostonh.it\/fr\/la-structure\/\" \/>\n<meta property=\"og:site_name\" content=\"Hotel Boston\" \/>\n<meta property=\"article:modified_time\" content=\"2019-10-29T10:12:57+00:00\" \/>\n<meta name=\"twitter:card\" content=\"summary_large_image\" \/>\n<meta name=\"twitter:label1\" content=\"Dur\u00e9e de lecture estim\u00e9e\" \/>\n\t<meta name=\"twitter:data1\" content=\"1 minute\" \/>\n<script type=\"application\/ld+json\" class=\"yoast-schema-graph\">{\"@context\":\"https:\/\/schema.org\",\"@graph\":[{\"@type\":\"WebPage\",\"@id\":\"https:\/\/www.bostonh.it\/fr\/la-structure\/\",\"url\":\"https:\/\/www.bostonh.it\/fr\/la-structure\/\",\"name\":\"La structure - Hotel Boston\",\"isPartOf\":{\"@id\":\"https:\/\/www.bostonh.it\/#website\"},\"datePublished\":\"2019-09-06T13:51:32+00:00\",\"dateModified\":\"2019-10-29T10:12:57+00:00\",\"breadcrumb\":{\"@id\":\"https:\/\/www.bostonh.it\/fr\/la-structure\/#breadcrumb\"},\"inLanguage\":\"fr-FR\",\"potentialAction\":[{\"@type\":\"ReadAction\",\"target\":[\"https:\/\/www.bostonh.it\/fr\/la-structure\/\"]}]},{\"@type\":\"BreadcrumbList\",\"@id\":\"https:\/\/www.bostonh.it\/fr\/la-structure\/#breadcrumb\",\"itemListElement\":[{\"@type\":\"ListItem\",\"position\":1,\"name\":\"Home\",\"item\":\"https:\/\/www.bostonh.it\/\"},{\"@type\":\"ListItem\",\"position\":2,\"name\":\"La structure\"}]},{\"@type\":\"WebSite\",\"@id\":\"https:\/\/www.bostonh.it\/#website\",\"url\":\"https:\/\/www.bostonh.it\/\",\"name\":\"Hotel Boston\",\"description\":\"\",\"potentialAction\":[{\"@type\":\"SearchAction\",\"target\":{\"@type\":\"EntryPoint\",\"urlTemplate\":\"https:\/\/www.bostonh.it\/?s={search_term_string}\"},\"query-input\":{\"@type\":\"PropertyValueSpecification\",\"valueRequired\":true,\"valueName\":\"search_term_string\"}}],\"inLanguage\":\"fr-FR\"}]}<\/script>\n<!-- \/ Yoast SEO plugin. -->","yoast_head_json":{"title":"La structure - Hotel Boston","robots":{"index":"index","follow":"follow","max-snippet":"max-snippet:-1","max-image-preview":"max-image-preview:large","max-video-preview":"max-video-preview:-1"},"canonical":"https:\/\/www.bostonh.it\/fr\/la-structure\/","og_locale":"fr_FR","og_type":"article","og_title":"La structure - Hotel Boston","og_description":"Livorno est un lieu qui a beaucoup \u00e0 offrir en mati\u00e8re de culture, de travail ou de pur divertissement, gr\u00e2ce \u00e0 son esprit p\u00e9tillant et vivant. Dot\u00e9 de chambres confortables et situ\u00e9 \u00e0 deux pas du centre-ville, l&rsquo;Hotel Boston est l&rsquo;endroit id\u00e9al pour profiter de la ville. Situation Quelle que soit la raison pour laquelle [&hellip;]","og_url":"https:\/\/www.bostonh.it\/fr\/la-structure\/","og_site_name":"Hotel Boston","article_modified_time":"2019-10-29T10:12:57+00:00","twitter_card":"summary_large_image","twitter_misc":{"Dur\u00e9e de lecture estim\u00e9e":"1 minute"},"schema":{"@context":"https:\/\/schema.org","@graph":[{"@type":"WebPage","@id":"https:\/\/www.bostonh.it\/fr\/la-structure\/","url":"https:\/\/www.bostonh.it\/fr\/la-structure\/","name":"La structure - Hotel Boston","isPartOf":{"@id":"https:\/\/www.bostonh.it\/#website"},"datePublished":"2019-09-06T13:51:32+00:00","dateModified":"2019-10-29T10:12:57+00:00","breadcrumb":{"@id":"https:\/\/www.bostonh.it\/fr\/la-structure\/#breadcrumb"},"inLanguage":"fr-FR","potentialAction":[{"@type":"ReadAction","target":["https:\/\/www.bostonh.it\/fr\/la-structure\/"]}]},{"@type":"BreadcrumbList","@id":"https:\/\/www.bostonh.it\/fr\/la-structure\/#breadcrumb","itemListElement":[{"@type":"ListItem","position":1,"name":"Home","item":"https:\/\/www.bostonh.it\/"},{"@type":"ListItem","position":2,"name":"La structure"}]},{"@type":"WebSite","@id":"https:\/\/www.bostonh.it\/#website","url":"https:\/\/www.bostonh.it\/","name":"Hotel Boston","description":"","potentialAction":[{"@type":"SearchAction","target":{"@type":"EntryPoint","urlTemplate":"https:\/\/www.bostonh.it\/?s={search_term_string}"},"query-input":{"@type":"PropertyValueSpecification","valueRequired":true,"valueName":"search_term_string"}}],"inLanguage":"fr-FR"}]}},"_links":{"self":[{"href":"https:\/\/www.bostonh.it\/fr\/wp-json\/wp\/v2\/pages\/673","targetHints":{"allow":["GET"]}}],"collection":[{"href":"https:\/\/www.bostonh.it\/fr\/wp-json\/wp\/v2\/pages"}],"about":[{"href":"https:\/\/www.bostonh.it\/fr\/wp-json\/wp\/v2\/types\/page"}],"author":[{"embeddable":true,"href":"https:\/\/www.bostonh.it\/fr\/wp-json\/wp\/v2\/users\/1"}],"replies":[{"embeddable":true,"href":"https:\/\/www.bostonh.it\/fr\/wp-json\/wp\/v2\/comments?post=673"}],"version-history":[{"count":4,"href":"https:\/\/www.bostonh.it\/fr\/wp-json\/wp\/v2\/pages\/673\/revisions"}],"predecessor-version":[{"id":1093,"href":"https:\/\/www.bostonh.it\/fr\/wp-json\/wp\/v2\/pages\/673\/revisions\/1093"}],"wp:attachment":[{"href":"https:\/\/www.bostonh.it\/fr\/wp-json\/wp\/v2\/media?parent=673"}],"curies":[{"name":"wp","href":"https:\/\/api.w.org\/{rel}","templated":true}]}}