{"id":680,"date":"2019-09-09T18:06:52","date_gmt":"2019-09-09T16:06:52","guid":{"rendered":"https:\/\/bostonh.it\/servizi\/"},"modified":"2019-10-30T10:55:42","modified_gmt":"2019-10-30T09:55:42","slug":"leistungen","status":"publish","type":"page","link":"https:\/\/www.bostonh.it\/de\/leistungen\/","title":{"rendered":"Leistungen"},"content":{"rendered":"<p lang=\"de-DE\">Das Hotel Boston ist in der Lage, die unterschiedlichen Bed\u00fcrfnisse seiner G\u00e4ste mit erstklassigem Service zu erf\u00fcllen.<\/p>\n<ul>\n<li lang=\"de-DE\">Zimmerservice<\/li>\n<li lang=\"de-DE\">W\u00e4scheAufzug<\/li>\n<li lang=\"de-DE\">American Bar<\/li>\n<li lang=\"de-DE\">Privater Parkplatz<\/li>\n<li lang=\"de-DE\">Privater Garagenplatz auf Anfrage<\/li>\n<li lang=\"de-DE\">Kostenloses WLAN<\/li>\n<li lang=\"de-DE\">KinderbettenHaustiere erlaubt* (kleine und mittlere Gr\u00f6\u00dfe)<\/li>\n<\/ul>\n<p lang=\"de-DE\">Alle 37 Zimmer sind ausgestattet mit:<\/p>\n<ul>\n<li lang=\"de-DE\">Bad mit Dusche und Badezimmerzubeh\u00f6r<\/li>\n<li lang=\"de-DE\">Haartrockner<\/li>\n<li lang=\"de-DE\">Flachbildfernseher<\/li>\n<li lang=\"de-DE\">Telefon<\/li>\n<li lang=\"de-DE\">Klimaanlage<\/li>\n<li lang=\"de-DE\">Safe<\/li>\n<li lang=\"de-DE\">WLAN<\/li>\n<\/ul>\n<p lang=\"de-DE\">Das Boston Hotel ist neu renoviert und alle seine Zimmer sind schalldicht und mit Materialien ausgestattet, die den neuesten Sicherheitsstandards entsprechen.<\/p>\n","protected":false},"excerpt":{"rendered":"<p>Das Hotel Boston ist in der Lage, die unterschiedlichen Bed\u00fcrfnisse seiner G\u00e4ste mit erstklassigem Service zu erf\u00fcllen. Zimmerservice W\u00e4scheAufzug American Bar Privater Parkplatz Privater Garagenplatz auf Anfrage Kostenloses WLAN KinderbettenHaustiere erlaubt* (kleine und mittlere Gr\u00f6\u00dfe) Alle 37 Zimmer sind ausgestattet mit: Bad mit Dusche und Badezimmerzubeh\u00f6r Haartrockner Flachbildfernseher Telefon Klimaanlage Safe WLAN Das Boston Hotel [&hellip;]<\/p>\n","protected":false},"author":1,"featured_media":0,"parent":0,"menu_order":0,"comment_status":"closed","ping_status":"closed","template":"","meta":{"_acf_changed":false,"footnotes":""},"class_list":["post-680","page","type-page","status-publish","hentry"],"acf":[],"yoast_head":"<!-- This site is optimized with the Yoast SEO plugin v26.7 - https:\/\/yoast.com\/wordpress\/plugins\/seo\/ -->\n<title>Leistungen - Hotel Boston<\/title>\n<meta name=\"robots\" content=\"index, follow, max-snippet:-1, max-image-preview:large, max-video-preview:-1\" \/>\n<link rel=\"canonical\" href=\"https:\/\/www.bostonh.it\/de\/leistungen\/\" \/>\n<meta property=\"og:locale\" content=\"de_DE\" \/>\n<meta property=\"og:type\" content=\"article\" \/>\n<meta property=\"og:title\" content=\"Leistungen - Hotel Boston\" \/>\n<meta property=\"og:description\" content=\"Das Hotel Boston ist in der Lage, die unterschiedlichen Bed\u00fcrfnisse seiner G\u00e4ste mit erstklassigem Service zu erf\u00fcllen. Zimmerservice W\u00e4scheAufzug American Bar Privater Parkplatz Privater Garagenplatz auf Anfrage Kostenloses WLAN KinderbettenHaustiere erlaubt* (kleine und mittlere Gr\u00f6\u00dfe) Alle 37 Zimmer sind ausgestattet mit: Bad mit Dusche und Badezimmerzubeh\u00f6r Haartrockner Flachbildfernseher Telefon Klimaanlage Safe WLAN Das Boston Hotel [&hellip;]\" \/>\n<meta property=\"og:url\" content=\"https:\/\/www.bostonh.it\/de\/leistungen\/\" \/>\n<meta property=\"og:site_name\" content=\"Hotel Boston\" \/>\n<meta property=\"article:modified_time\" content=\"2019-10-30T09:55:42+00:00\" \/>\n<meta name=\"twitter:card\" content=\"summary_large_image\" \/>\n<script type=\"application\/ld+json\" class=\"yoast-schema-graph\">{\"@context\":\"https:\/\/schema.org\",\"@graph\":[{\"@type\":\"WebPage\",\"@id\":\"https:\/\/www.bostonh.it\/de\/leistungen\/\",\"url\":\"https:\/\/www.bostonh.it\/de\/leistungen\/\",\"name\":\"Leistungen - Hotel Boston\",\"isPartOf\":{\"@id\":\"https:\/\/www.bostonh.it\/#website\"},\"datePublished\":\"2019-09-09T16:06:52+00:00\",\"dateModified\":\"2019-10-30T09:55:42+00:00\",\"breadcrumb\":{\"@id\":\"https:\/\/www.bostonh.it\/de\/leistungen\/#breadcrumb\"},\"inLanguage\":\"de\",\"potentialAction\":[{\"@type\":\"ReadAction\",\"target\":[\"https:\/\/www.bostonh.it\/de\/leistungen\/\"]}]},{\"@type\":\"BreadcrumbList\",\"@id\":\"https:\/\/www.bostonh.it\/de\/leistungen\/#breadcrumb\",\"itemListElement\":[{\"@type\":\"ListItem\",\"position\":1,\"name\":\"Home\",\"item\":\"https:\/\/www.bostonh.it\/\"},{\"@type\":\"ListItem\",\"position\":2,\"name\":\"Leistungen\"}]},{\"@type\":\"WebSite\",\"@id\":\"https:\/\/www.bostonh.it\/#website\",\"url\":\"https:\/\/www.bostonh.it\/\",\"name\":\"Hotel Boston\",\"description\":\"\",\"potentialAction\":[{\"@type\":\"SearchAction\",\"target\":{\"@type\":\"EntryPoint\",\"urlTemplate\":\"https:\/\/www.bostonh.it\/?s={search_term_string}\"},\"query-input\":{\"@type\":\"PropertyValueSpecification\",\"valueRequired\":true,\"valueName\":\"search_term_string\"}}],\"inLanguage\":\"de\"}]}<\/script>\n<!-- \/ Yoast SEO plugin. -->","yoast_head_json":{"title":"Leistungen - Hotel Boston","robots":{"index":"index","follow":"follow","max-snippet":"max-snippet:-1","max-image-preview":"max-image-preview:large","max-video-preview":"max-video-preview:-1"},"canonical":"https:\/\/www.bostonh.it\/de\/leistungen\/","og_locale":"de_DE","og_type":"article","og_title":"Leistungen - Hotel Boston","og_description":"Das Hotel Boston ist in der Lage, die unterschiedlichen Bed\u00fcrfnisse seiner G\u00e4ste mit erstklassigem Service zu erf\u00fcllen. Zimmerservice W\u00e4scheAufzug American Bar Privater Parkplatz Privater Garagenplatz auf Anfrage Kostenloses WLAN KinderbettenHaustiere erlaubt* (kleine und mittlere Gr\u00f6\u00dfe) Alle 37 Zimmer sind ausgestattet mit: Bad mit Dusche und Badezimmerzubeh\u00f6r Haartrockner Flachbildfernseher Telefon Klimaanlage Safe WLAN Das Boston Hotel [&hellip;]","og_url":"https:\/\/www.bostonh.it\/de\/leistungen\/","og_site_name":"Hotel Boston","article_modified_time":"2019-10-30T09:55:42+00:00","twitter_card":"summary_large_image","schema":{"@context":"https:\/\/schema.org","@graph":[{"@type":"WebPage","@id":"https:\/\/www.bostonh.it\/de\/leistungen\/","url":"https:\/\/www.bostonh.it\/de\/leistungen\/","name":"Leistungen - Hotel Boston","isPartOf":{"@id":"https:\/\/www.bostonh.it\/#website"},"datePublished":"2019-09-09T16:06:52+00:00","dateModified":"2019-10-30T09:55:42+00:00","breadcrumb":{"@id":"https:\/\/www.bostonh.it\/de\/leistungen\/#breadcrumb"},"inLanguage":"de","potentialAction":[{"@type":"ReadAction","target":["https:\/\/www.bostonh.it\/de\/leistungen\/"]}]},{"@type":"BreadcrumbList","@id":"https:\/\/www.bostonh.it\/de\/leistungen\/#breadcrumb","itemListElement":[{"@type":"ListItem","position":1,"name":"Home","item":"https:\/\/www.bostonh.it\/"},{"@type":"ListItem","position":2,"name":"Leistungen"}]},{"@type":"WebSite","@id":"https:\/\/www.bostonh.it\/#website","url":"https:\/\/www.bostonh.it\/","name":"Hotel Boston","description":"","potentialAction":[{"@type":"SearchAction","target":{"@type":"EntryPoint","urlTemplate":"https:\/\/www.bostonh.it\/?s={search_term_string}"},"query-input":{"@type":"PropertyValueSpecification","valueRequired":true,"valueName":"search_term_string"}}],"inLanguage":"de"}]}},"_links":{"self":[{"href":"https:\/\/www.bostonh.it\/de\/wp-json\/wp\/v2\/pages\/680","targetHints":{"allow":["GET"]}}],"collection":[{"href":"https:\/\/www.bostonh.it\/de\/wp-json\/wp\/v2\/pages"}],"about":[{"href":"https:\/\/www.bostonh.it\/de\/wp-json\/wp\/v2\/types\/page"}],"author":[{"embeddable":true,"href":"https:\/\/www.bostonh.it\/de\/wp-json\/wp\/v2\/users\/1"}],"replies":[{"embeddable":true,"href":"https:\/\/www.bostonh.it\/de\/wp-json\/wp\/v2\/comments?post=680"}],"version-history":[{"count":6,"href":"https:\/\/www.bostonh.it\/de\/wp-json\/wp\/v2\/pages\/680\/revisions"}],"predecessor-version":[{"id":1166,"href":"https:\/\/www.bostonh.it\/de\/wp-json\/wp\/v2\/pages\/680\/revisions\/1166"}],"wp:attachment":[{"href":"https:\/\/www.bostonh.it\/de\/wp-json\/wp\/v2\/media?parent=680"}],"curies":[{"name":"wp","href":"https:\/\/api.w.org\/{rel}","templated":true}]}}