{"id":674,"date":"2019-09-06T15:51:32","date_gmt":"2019-09-06T13:51:32","guid":{"rendered":"https:\/\/bostonh.it\/la-struttura\/"},"modified":"2019-10-30T10:48:17","modified_gmt":"2019-10-30T09:48:17","slug":"struktur","status":"publish","type":"page","link":"https:\/\/www.bostonh.it\/de\/struktur\/","title":{"rendered":"Struktur"},"content":{"rendered":"<p lang=\"de-DE\">Livorno, ein Ort, der mit seinem prickelnden und lebendhaften Geist viel zu bieten hat, sei es in Bezug auf Kultur, Arbeit oder reine Freizeit. Das Hotel Boston ist mit seinen gem\u00fctlichen Zimmern, nur einen Steinwurf vom Stadtzentrum entfernt, der richtige Ort, um die Stadt zu genie\u00dfen.<\/p>\n<h3>Standort<\/h3>\n<p>Was auch immer Ihr Grund f\u00fcr einen Aufenthalt im Zentrum von Livorno ist, die strategische Lage des Hotels Boston bietet viele Vorteile. Es ist sehr nah am Meer gelegen, an einem hellen, von B\u00e4umen ges\u00e4umten Platz. Es ist dank seiner N\u00e4he zum Hafen und der Schiffswerft ein idealer Ort f\u00fcr die Gesch\u00e4ftsreise. Es liegt nur einen Katzensprung von der Mascagni-Terrasse, den historischen Badeanlagen von Pancaldi Acquaviva und der gesamten Strandpromenade von Livorno entfernt.<\/p>\n<h3>Moderne Erscheinung<\/h3>\n<p>Das Hotel Boston verf\u00fcgt \u00fcber eine moderne Struktur mit eleganter, in minimalistischem Stil gehaltener Inneneinrichtung. Es wurde k\u00fcrzlich nach den neuesten Sicherheitsstandards renoviert und verf\u00fcgt \u00fcber ein gro\u00dfes Parkhaus sowie eine f\u00fcr Kunden reservierte Garage.<\/p>\n<h3>Belegschaft<\/h3>\n<p>Das dynamische und aufmerksame Personal des Hotel Boston empf\u00e4ngt die G\u00e4ste in einer Atmosph\u00e4re von exklusiver Eleganz und au\u00dfergew\u00f6hnlichem Komfort, einen angenehmen Aufenthalt versprechend, der speziell auf alle Bed\u00fcrfnisse zugeschnitten ist.<\/p>\n<p><em>Das Hotel Boston ist einfach ideal, da es Ihnen die M\u00f6glichkeit bietet, ein Zimmerbuchung f\u00fcr Ihre Gesch\u00e4ftsreisen in die Toskana mit einem mehrst\u00fcndigen Freizeitaufenthalt im Zentrum von Livorno zu kombinieren. W\u00e4hlen Sie den richtigen Anlass, um Livorno in all seinen Facetten kennen zu lernen.<\/em><\/p>\n","protected":false},"excerpt":{"rendered":"<p>Livorno, ein Ort, der mit seinem prickelnden und lebendhaften Geist viel zu bieten hat, sei es in Bezug auf Kultur, Arbeit oder reine Freizeit. Das Hotel Boston ist mit seinen gem\u00fctlichen Zimmern, nur einen Steinwurf vom Stadtzentrum entfernt, der richtige Ort, um die Stadt zu genie\u00dfen. Standort Was auch immer Ihr Grund f\u00fcr einen Aufenthalt [&hellip;]<\/p>\n","protected":false},"author":1,"featured_media":0,"parent":0,"menu_order":0,"comment_status":"closed","ping_status":"closed","template":"","meta":{"_acf_changed":false,"footnotes":""},"class_list":["post-674","page","type-page","status-publish","hentry"],"acf":[],"yoast_head":"<!-- This site is optimized with the Yoast SEO plugin v26.7 - https:\/\/yoast.com\/wordpress\/plugins\/seo\/ -->\n<title>Struktur - Hotel Boston<\/title>\n<meta name=\"robots\" content=\"index, follow, max-snippet:-1, max-image-preview:large, max-video-preview:-1\" \/>\n<link rel=\"canonical\" href=\"https:\/\/www.bostonh.it\/de\/struktur\/\" \/>\n<meta property=\"og:locale\" content=\"de_DE\" \/>\n<meta property=\"og:type\" content=\"article\" \/>\n<meta property=\"og:title\" content=\"Struktur - Hotel Boston\" \/>\n<meta property=\"og:description\" content=\"Livorno, ein Ort, der mit seinem prickelnden und lebendhaften Geist viel zu bieten hat, sei es in Bezug auf Kultur, Arbeit oder reine Freizeit. Das Hotel Boston ist mit seinen gem\u00fctlichen Zimmern, nur einen Steinwurf vom Stadtzentrum entfernt, der richtige Ort, um die Stadt zu genie\u00dfen. Standort Was auch immer Ihr Grund f\u00fcr einen Aufenthalt [&hellip;]\" \/>\n<meta property=\"og:url\" content=\"https:\/\/www.bostonh.it\/de\/struktur\/\" \/>\n<meta property=\"og:site_name\" content=\"Hotel Boston\" \/>\n<meta property=\"article:modified_time\" content=\"2019-10-30T09:48:17+00:00\" \/>\n<meta name=\"twitter:card\" content=\"summary_large_image\" \/>\n<meta name=\"twitter:label1\" content=\"Gesch\u00e4tzte Lesezeit\" \/>\n\t<meta name=\"twitter:data1\" content=\"1\u00a0Minute\" \/>\n<script type=\"application\/ld+json\" class=\"yoast-schema-graph\">{\"@context\":\"https:\/\/schema.org\",\"@graph\":[{\"@type\":\"WebPage\",\"@id\":\"https:\/\/www.bostonh.it\/de\/struktur\/\",\"url\":\"https:\/\/www.bostonh.it\/de\/struktur\/\",\"name\":\"Struktur - Hotel Boston\",\"isPartOf\":{\"@id\":\"https:\/\/www.bostonh.it\/#website\"},\"datePublished\":\"2019-09-06T13:51:32+00:00\",\"dateModified\":\"2019-10-30T09:48:17+00:00\",\"breadcrumb\":{\"@id\":\"https:\/\/www.bostonh.it\/de\/struktur\/#breadcrumb\"},\"inLanguage\":\"de\",\"potentialAction\":[{\"@type\":\"ReadAction\",\"target\":[\"https:\/\/www.bostonh.it\/de\/struktur\/\"]}]},{\"@type\":\"BreadcrumbList\",\"@id\":\"https:\/\/www.bostonh.it\/de\/struktur\/#breadcrumb\",\"itemListElement\":[{\"@type\":\"ListItem\",\"position\":1,\"name\":\"Home\",\"item\":\"https:\/\/www.bostonh.it\/\"},{\"@type\":\"ListItem\",\"position\":2,\"name\":\"Struktur\"}]},{\"@type\":\"WebSite\",\"@id\":\"https:\/\/www.bostonh.it\/#website\",\"url\":\"https:\/\/www.bostonh.it\/\",\"name\":\"Hotel Boston\",\"description\":\"\",\"potentialAction\":[{\"@type\":\"SearchAction\",\"target\":{\"@type\":\"EntryPoint\",\"urlTemplate\":\"https:\/\/www.bostonh.it\/?s={search_term_string}\"},\"query-input\":{\"@type\":\"PropertyValueSpecification\",\"valueRequired\":true,\"valueName\":\"search_term_string\"}}],\"inLanguage\":\"de\"}]}<\/script>\n<!-- \/ Yoast SEO plugin. -->","yoast_head_json":{"title":"Struktur - Hotel Boston","robots":{"index":"index","follow":"follow","max-snippet":"max-snippet:-1","max-image-preview":"max-image-preview:large","max-video-preview":"max-video-preview:-1"},"canonical":"https:\/\/www.bostonh.it\/de\/struktur\/","og_locale":"de_DE","og_type":"article","og_title":"Struktur - Hotel Boston","og_description":"Livorno, ein Ort, der mit seinem prickelnden und lebendhaften Geist viel zu bieten hat, sei es in Bezug auf Kultur, Arbeit oder reine Freizeit. Das Hotel Boston ist mit seinen gem\u00fctlichen Zimmern, nur einen Steinwurf vom Stadtzentrum entfernt, der richtige Ort, um die Stadt zu genie\u00dfen. Standort Was auch immer Ihr Grund f\u00fcr einen Aufenthalt [&hellip;]","og_url":"https:\/\/www.bostonh.it\/de\/struktur\/","og_site_name":"Hotel Boston","article_modified_time":"2019-10-30T09:48:17+00:00","twitter_card":"summary_large_image","twitter_misc":{"Gesch\u00e4tzte Lesezeit":"1\u00a0Minute"},"schema":{"@context":"https:\/\/schema.org","@graph":[{"@type":"WebPage","@id":"https:\/\/www.bostonh.it\/de\/struktur\/","url":"https:\/\/www.bostonh.it\/de\/struktur\/","name":"Struktur - Hotel Boston","isPartOf":{"@id":"https:\/\/www.bostonh.it\/#website"},"datePublished":"2019-09-06T13:51:32+00:00","dateModified":"2019-10-30T09:48:17+00:00","breadcrumb":{"@id":"https:\/\/www.bostonh.it\/de\/struktur\/#breadcrumb"},"inLanguage":"de","potentialAction":[{"@type":"ReadAction","target":["https:\/\/www.bostonh.it\/de\/struktur\/"]}]},{"@type":"BreadcrumbList","@id":"https:\/\/www.bostonh.it\/de\/struktur\/#breadcrumb","itemListElement":[{"@type":"ListItem","position":1,"name":"Home","item":"https:\/\/www.bostonh.it\/"},{"@type":"ListItem","position":2,"name":"Struktur"}]},{"@type":"WebSite","@id":"https:\/\/www.bostonh.it\/#website","url":"https:\/\/www.bostonh.it\/","name":"Hotel Boston","description":"","potentialAction":[{"@type":"SearchAction","target":{"@type":"EntryPoint","urlTemplate":"https:\/\/www.bostonh.it\/?s={search_term_string}"},"query-input":{"@type":"PropertyValueSpecification","valueRequired":true,"valueName":"search_term_string"}}],"inLanguage":"de"}]}},"_links":{"self":[{"href":"https:\/\/www.bostonh.it\/de\/wp-json\/wp\/v2\/pages\/674","targetHints":{"allow":["GET"]}}],"collection":[{"href":"https:\/\/www.bostonh.it\/de\/wp-json\/wp\/v2\/pages"}],"about":[{"href":"https:\/\/www.bostonh.it\/de\/wp-json\/wp\/v2\/types\/page"}],"author":[{"embeddable":true,"href":"https:\/\/www.bostonh.it\/de\/wp-json\/wp\/v2\/users\/1"}],"replies":[{"embeddable":true,"href":"https:\/\/www.bostonh.it\/de\/wp-json\/wp\/v2\/comments?post=674"}],"version-history":[{"count":25,"href":"https:\/\/www.bostonh.it\/de\/wp-json\/wp\/v2\/pages\/674\/revisions"}],"predecessor-version":[{"id":1161,"href":"https:\/\/www.bostonh.it\/de\/wp-json\/wp\/v2\/pages\/674\/revisions\/1161"}],"wp:attachment":[{"href":"https:\/\/www.bostonh.it\/de\/wp-json\/wp\/v2\/media?parent=674"}],"curies":[{"name":"wp","href":"https:\/\/api.w.org\/{rel}","templated":true}]}}